{"id":105797,"date":"2024-04-18T14:04:18","date_gmt":"2024-04-18T12:04:18","guid":{"rendered":"https:\/\/www.vis-ais.ch\/?page_id=105797"},"modified":"2024-04-22T16:28:11","modified_gmt":"2024-04-22T14:28:11","slug":"inscription-evenement","status":"publish","type":"page","link":"https:\/\/www.vis-ais.ch\/fr\/inscription-evenement\/","title":{"rendered":"Inscription ou d\u00e9sinscription \u00e0 l&#8217;\u00e9v\u00e9nement"},"content":{"rendered":"<h4>\u00c9v\u00e9nement de session le 13 juin 2024 : \u00ab Des loyers abordables : Soutenir les demandeurs de logement \u2013 ou subventionner le logement ? \u00bb<\/h4>\n\n<div class=\"wpcf7 no-js\" id=\"wpcf7-f105796-o1\" lang=\"de-DE\" dir=\"ltr\" data-wpcf7-id=\"105796\">\n<div class=\"screen-reader-response\"><p role=\"status\" aria-live=\"polite\" aria-atomic=\"true\"><\/p> <ul><\/ul><\/div>\n<form action=\"\/fr\/wp-json\/wp\/v2\/pages\/105797#wpcf7-f105796-o1\" method=\"post\" class=\"wpcf7-form init\" aria-label=\"Kontaktformular\" novalidate=\"novalidate\" data-status=\"init\">\n<fieldset class=\"hidden-fields-container\"><input type=\"hidden\" name=\"_wpcf7\" value=\"105796\" \/><input type=\"hidden\" name=\"_wpcf7_version\" value=\"6.1.5\" \/><input type=\"hidden\" name=\"_wpcf7_locale\" value=\"de_DE\" \/><input type=\"hidden\" name=\"_wpcf7_unit_tag\" value=\"wpcf7-f105796-o1\" \/><input type=\"hidden\" name=\"_wpcf7_container_post\" value=\"0\" \/><input type=\"hidden\" name=\"_wpcf7_posted_data_hash\" value=\"\" \/><input type=\"hidden\" name=\"_wpcf7_recaptcha_response\" value=\"\" \/>\n<\/fieldset>\n<p><span class=\"wpcf7-form-control-wrap\" data-name=\"rsvp\"><span class=\"wpcf7-form-control wpcf7-radio\"><span class=\"wpcf7-list-item first\"><label><input type=\"radio\" name=\"rsvp\" value=\"Je participe.\" checked=\"checked\" \/><span class=\"wpcf7-list-item-label\">Je participe.<\/span><\/label><\/span><span class=\"wpcf7-list-item last\"><label><input type=\"radio\" name=\"rsvp\" value=\"Malheureusement je ne peux pas participer.\" \/><span class=\"wpcf7-list-item-label\">Malheureusement je ne peux pas participer.<\/span><\/label><\/span><\/span><\/span>\n<\/p>\n<p><label> Pr\u00e9nom *<br \/>\n<span class=\"wpcf7-form-control-wrap\" data-name=\"your-prename\"><input size=\"40\" maxlength=\"400\" class=\"wpcf7-form-control wpcf7-text wpcf7-validates-as-required\" aria-required=\"true\" aria-invalid=\"false\" value=\"\" type=\"text\" name=\"your-prename\" \/><\/span> <\/label>\n<\/p>\n<p><label> Nom *<br \/>\n<span class=\"wpcf7-form-control-wrap\" data-name=\"your-name\"><input size=\"40\" maxlength=\"400\" class=\"wpcf7-form-control wpcf7-text wpcf7-validates-as-required\" aria-required=\"true\" aria-invalid=\"false\" value=\"\" type=\"text\" name=\"your-name\" \/><\/span> <\/label>\n<\/p>\n<p><label> Entreprise<br \/>\n<span class=\"wpcf7-form-control-wrap\" data-name=\"your-company\"><input size=\"40\" maxlength=\"400\" class=\"wpcf7-form-control wpcf7-text\" aria-invalid=\"false\" value=\"\" type=\"text\" name=\"your-company\" \/><\/span> <\/label>\n<\/p>\n<p><label> Adresse e-mail *<br \/>\n<span class=\"wpcf7-form-control-wrap\" data-name=\"your-email\"><input size=\"40\" maxlength=\"400\" class=\"wpcf7-form-control wpcf7-email wpcf7-validates-as-required wpcf7-text wpcf7-validates-as-email\" aria-required=\"true\" aria-invalid=\"false\" value=\"\" type=\"email\" name=\"your-email\" \/><\/span> <\/label>\n<\/p>\n<p>&nbsp;\n<\/p>\n<p>En soumettant le formulaire, vous acceptez <a href=\"https:\/\/www.vis-ais.ch\/fr\/protection-des-donnees\/\">la r\u00e9glementation sur la protection des donn\u00e9es.<\/a><br \/>\n&nbsp;\n<\/p>\n<input class=\"wpcf7-form-control wpcf7-hidden\" value=\"Formulaire d&#039;\u00e9v\u00e9nement\" type=\"hidden\" name=\"your-subject\" \/>\n<p><input class=\"wpcf7-form-control wpcf7-submit has-spinner\" type=\"submit\" value=\"Envoyer\" \/>\n<\/p><div class=\"wpcf7-response-output\" aria-hidden=\"true\"><\/div>\n<\/form>\n<\/div>\n\n","protected":false},"excerpt":{"rendered":"<p>\u00c9v\u00e9nement de session le 13 juin 2024 : \u00ab Des loyers abordables : Soutenir les demandeurs de logement \u2013 ou subventionner le logement ? \u00bb<\/p>\n","protected":false},"author":1,"featured_media":0,"parent":0,"menu_order":0,"comment_status":"closed","ping_status":"closed","template":"","meta":{"inline_featured_image":false,"footnotes":""},"class_list":["post-105797","page","type-page","status-publish","hentry"],"_links":{"self":[{"href":"https:\/\/www.vis-ais.ch\/fr\/wp-json\/wp\/v2\/pages\/105797","targetHints":{"allow":["GET"]}}],"collection":[{"href":"https:\/\/www.vis-ais.ch\/fr\/wp-json\/wp\/v2\/pages"}],"about":[{"href":"https:\/\/www.vis-ais.ch\/fr\/wp-json\/wp\/v2\/types\/page"}],"author":[{"embeddable":true,"href":"https:\/\/www.vis-ais.ch\/fr\/wp-json\/wp\/v2\/users\/1"}],"replies":[{"embeddable":true,"href":"https:\/\/www.vis-ais.ch\/fr\/wp-json\/wp\/v2\/comments?post=105797"}],"version-history":[{"count":6,"href":"https:\/\/www.vis-ais.ch\/fr\/wp-json\/wp\/v2\/pages\/105797\/revisions"}],"predecessor-version":[{"id":105806,"href":"https:\/\/www.vis-ais.ch\/fr\/wp-json\/wp\/v2\/pages\/105797\/revisions\/105806"}],"wp:attachment":[{"href":"https:\/\/www.vis-ais.ch\/fr\/wp-json\/wp\/v2\/media?parent=105797"}],"curies":[{"name":"wp","href":"https:\/\/api.w.org\/{rel}","templated":true}]}}