{"id":725,"date":"2017-11-06T16:45:53","date_gmt":"2017-11-06T15:45:53","guid":{"rendered":"https:\/\/www.vis-ais.ch\/?page_id=725"},"modified":"2024-10-11T10:27:54","modified_gmt":"2024-10-11T08:27:54","slug":"liens","status":"publish","type":"page","link":"https:\/\/www.vis-ais.ch\/fr\/liens\/","title":{"rendered":"Liens"},"content":{"rendered":"<p>[spb_text_block animation=&#8221;none&#8221; animation_delay=&#8221;0&#8243; simplified_controls=&#8221;yes&#8221; custom_css_percentage=&#8221;no&#8221; padding_vertical=&#8221;0&#8243; padding_horizontal=&#8221;0&#8243; margin_vertical=&#8221;0&#8243; custom_css=&#8221;margin-top: 0px;margin-bottom: 0px;&#8221; border_size=&#8221;0&#8243; border_styling_global=&#8221;default&#8221; width=&#8221;1\/2&#8243; el_position=&#8221;first&#8221;]<\/p>\n<h2><strong>Associations<\/strong><\/h2>\n<ul>\n<li><a href=\"http:\/\/www.bauenschweiz.ch\/\" target=\"_blank\" rel=\"noopener\">bauenschweiz <\/a><\/li>\n<li><a href=\"http:\/\/www.catef.ch\/\" target=\"_blank\" rel=\"noopener\">Camera Ticinese dell&#8217; Economia Fondiaria (CATEF) <\/a><\/li>\n<li><a href=\"http:\/\/www.fiabci.ch\/\" target=\"_blank\" rel=\"noopener\">F\u00e9d\u00e9ration internationale des professions immobili\u00e8res (FIABCI) <\/a><\/li>\n<li><a href=\"http:\/\/www.fri.ch\/\" target=\"_blank\" rel=\"noopener\">F\u00e9d\u00e9ration romande immobili\u00e8re (FRI) <\/a><\/li>\n<li><a href=\"http:\/\/www.ipb-online.ch\" target=\"_blank\" rel=\"noopener\">Interessengemeinschaft privater professioneller Bauherren (IPB) <\/a><\/li>\n<li><a href=\"http:\/\/www.baumeister.ch\/fr\/sse-page-daccueil\/\" target=\"_blank\" rel=\"noopener\">La Soci\u00e9t\u00e9 Suisse des Entrepreneurs (SSE)<\/a><\/li>\n<li><a href=\"http:\/\/www.hev-schweiz.ch\/\" target=\"_blank\" rel=\"noopener\">Schweizer Hauseigent\u00fcmerverband (HEV Schweiz) <\/a><\/li>\n<li><a href=\"https:\/\/www.svit.ch\/fr\" target=\"_blank\" rel=\"noopener\">Schweizer Verband der Immobilienwirtschaft (SVIT)<\/a><\/li>\n<li><a href=\"http:\/\/www.svw.ch\/\" target=\"_blank\" rel=\"noopener\">Schweizerischer Verband f\u00fcr Wohnungswesen (SVW) <\/a><\/li>\n<li><a href=\"http:\/\/www.uspi.ch\/\" target=\"_blank\" rel=\"noopener\">Union Suisse des Professionnels de l&#8217;Immobilier (USPI) <\/a><\/li>\n<li><a href=\"http:\/\/www.espacemobilite.ch\/\" target=\"_blank\" rel=\"noopener\">espace.mobilit\u00e9\u00a0<\/a><\/li>\n<li><a href=\"http:\/\/www.wohnen-schweiz.ch\/\" target=\"_blank\" rel=\"noopener\">Wohnen Schweiz<\/a><\/li>\n<\/ul>\n<h2><strong>Offices f\u00e9d\u00e9raux<\/strong><\/h2>\n<ul>\n<li><a href=\"https:\/\/www.bwo.admin.ch\/bwo\/fr\/home.html\" target=\"_blank\" rel=\"noopener\">Office f\u00e9d\u00e9ral du logement (OFL) <\/a><\/li>\n<li><a target=\"_blank\" rel=\"noopener\">Office f\u00e9d\u00e9ral du d\u00e9veloppement territorial (ARE) <\/a><\/li>\n<li><a href=\"https:\/\/www.bfs.admin.ch\/bfs\/fr\/home.html\" target=\"_blank\" rel=\"noopener\">Office f\u00e9deral de la statistique (OFS)<\/a><\/li>\n<li><a href=\"https:\/\/www.bj.admin.ch\/bj\/fr\/home.html\" target=\"_blank\" rel=\"noopener\">Office f\u00e9d\u00e9ral de la justice (OFJ)<\/a><\/li>\n<\/ul>\n<h2><strong>March\u00e9 de l&#8217;immobilier<\/strong><\/h2>\n<ul>\n<li><a href=\"https:\/\/www.blkb.ch\/newhome\" target=\"_blank\" rel=\"noopener\"> Basellandschaftliche Kantonalbank, Immobilienb\u00f6rse <\/a><\/li>\n<li><a href=\"https:\/\/www.credit-suisse.com\/ch\/fr.html\" target=\"_blank\" rel=\"noopener\"> CREDIT SUISSE, Economic Research <\/a><\/li>\n<li><a href=\"https:\/\/www.wuestpartner.com\/?language=fr\" target=\"_blank\" rel=\"noopener\"> W\u00fcest &amp; Partner, Rauminformation <\/a><\/li>\n<li><a href=\"http:\/\/www.iazicifi.ch\/fr\/\" target=\"_blank\" rel=\"noopener\"> IAZI <\/a><\/li>\n<li><a href=\"https:\/\/fr.fpre.ch\/\" target=\"_blank\" rel=\"noopener\">Fahrl\u00e4nder Partner, Raumentwicklung<\/a><\/li>\n<li><a href=\"http:\/\/www.handelszeitung.ch\/immobilien\" target=\"_blank\" rel=\"noopener\">Handelszeitung, Immobilien<\/a><\/li>\n<\/ul>\n<p>[\/spb_text_block] [spb_text_block animation=&#8221;none&#8221; animation_delay=&#8221;0&#8243; simplified_controls=&#8221;yes&#8221; custom_css_percentage=&#8221;no&#8221; padding_vertical=&#8221;0&#8243; padding_horizontal=&#8221;0&#8243; margin_vertical=&#8221;0&#8243; custom_css=&#8221;margin-top: 0px;margin-bottom: 0px;&#8221; border_size=&#8221;0&#8243; border_styling_global=&#8221;default&#8221; width=&#8221;1\/2&#8243; el_position=&#8221;last&#8221;]<\/p>\n<h2><strong>Proposants immobiliers online<\/strong><\/h2>\n<ul>\n<li><a href=\"https:\/\/www.homegate.ch\/fr\" target=\"_blank\" rel=\"noopener\">homegate.ch <\/a><\/li>\n<li><a href=\"http:\/\/www.immoclick.ch\/\" target=\"_blank\" rel=\"noopener\">Immoclick <\/a><\/li>\n<li><a href=\"http:\/\/www.immoline-basel.ch\/\" target=\"_blank\" rel=\"noopener\">Immoline Basel <\/a><\/li>\n<li><a href=\"http:\/\/www.immoscout24.ch\/IS24Web\/_V2\/Home.aspx?nav=-1&amp;wl=1&amp;lng=fr\" target=\"_blank\" rel=\"noopener\">Immoscout24 <\/a><\/li>\n<li><a href=\"http:\/\/www.urbanhome.ch\/recherche\/louer\/habiter\" target=\"_blank\" rel=\"noopener\">Urbanhome<\/a><\/li>\n<\/ul>\n<h2><strong>Autres liens utiles<\/strong><\/h2>\n<ul>\n<li><a href=\"https:\/\/www.admin.ch\/gov\/fr\/accueil.html\" target=\"_blank\" rel=\"noopener\">Administration f\u00e9d\u00e9rale<\/a><\/li>\n<li><a href=\"https:\/\/www.admin.ch\/gov\/fr\/accueil\/droit-federal\/recueil-systematique.html\" target=\"_blank\" rel=\"noopener\">Lois f\u00e9d\u00e9rales <\/a><\/li>\n<li><a href=\"http:\/\/www.bger.ch\/fr\/index.htm\" target=\"_blank\" rel=\"noopener\">Tribunal f\u00e9d\u00e9ral <\/a><\/li>\n<\/ul>\n<p>[\/spb_text_block]<\/p>\n","protected":false},"excerpt":{"rendered":"<p>[spb_text_block animation=&#8221;none&#8221; animation_delay=&#8221;0&#8243; simplified_controls=&#8221;yes&#8221; custom_css_percentage=&#8221;no&#8221; padding_vertical=&#8221;0&#8243; padding_horizontal=&#8221;0&#8243; margin_vertical=&#8221;0&#8243; custom_css=&#8221;margin-top: 0px;margin-bottom: 0px;&#8221; border_size=&#8221;0&#8243; border_styling_global=&#8221;default&#8221; width=&#8221;1\/2&#8243; el_position=&#8221;first&#8221;] Associations bauenschweiz Camera Ticinese dell&#8217; Economia Fondiaria (CATEF) F\u00e9d\u00e9ration internationale des professions immobili\u00e8res (FIABCI) F\u00e9d\u00e9ration romande immobili\u00e8re (FRI) Interessengemeinschaft privater professioneller Bauherren (IPB) La Soci\u00e9t\u00e9 Suisse des Entrepreneurs (SSE) Schweizer Hauseigent\u00fcmerverband (HEV Schweiz) Schweizer Verband der Immobilienwirtschaft (SVIT) Schweizerischer Verband f\u00fcr Wohnungswesen (SVW) Union Suisse [&hellip;]<\/p>\n","protected":false},"author":3,"featured_media":0,"parent":0,"menu_order":0,"comment_status":"closed","ping_status":"closed","template":"","meta":{"inline_featured_image":false,"footnotes":""},"class_list":["post-725","page","type-page","status-publish","hentry"],"_links":{"self":[{"href":"https:\/\/www.vis-ais.ch\/fr\/wp-json\/wp\/v2\/pages\/725","targetHints":{"allow":["GET"]}}],"collection":[{"href":"https:\/\/www.vis-ais.ch\/fr\/wp-json\/wp\/v2\/pages"}],"about":[{"href":"https:\/\/www.vis-ais.ch\/fr\/wp-json\/wp\/v2\/types\/page"}],"author":[{"embeddable":true,"href":"https:\/\/www.vis-ais.ch\/fr\/wp-json\/wp\/v2\/users\/3"}],"replies":[{"embeddable":true,"href":"https:\/\/www.vis-ais.ch\/fr\/wp-json\/wp\/v2\/comments?post=725"}],"version-history":[{"count":10,"href":"https:\/\/www.vis-ais.ch\/fr\/wp-json\/wp\/v2\/pages\/725\/revisions"}],"predecessor-version":[{"id":106043,"href":"https:\/\/www.vis-ais.ch\/fr\/wp-json\/wp\/v2\/pages\/725\/revisions\/106043"}],"wp:attachment":[{"href":"https:\/\/www.vis-ais.ch\/fr\/wp-json\/wp\/v2\/media?parent=725"}],"curies":[{"name":"wp","href":"https:\/\/api.w.org\/{rel}","templated":true}]}}