{"id":729,"date":"2017-11-06T16:49:18","date_gmt":"2017-11-06T15:49:18","guid":{"rendered":"https:\/\/www.vis-ais.ch\/?page_id=729"},"modified":"2017-11-29T13:27:08","modified_gmt":"2017-11-29T12:27:08","slug":"nos-objectifs","status":"publish","type":"page","link":"https:\/\/www.vis-ais.ch\/fr\/nos-objectifs\/","title":{"rendered":"Nos Objectifs"},"content":{"rendered":"<p>Les investissements dans l\u2019immobilier constituent une base pour le bien-\u00eatre de chacun en Suisse. Le secteur immobilier et les investisseurs dans l\u2019immobilier sont un pilier de notre \u00e9conomie nationale.<\/p>\n<p>&nbsp;<\/p>\n<p><strong>Nous nous engageons: <\/strong><\/p>\n<ul>\n<li>pour de bonnes conditions-cadres qui permettent aux investisseurs de pouvoir apporter leurs capitaux et leur exp\u00e9rience \u2013 en participant \u00e0 la conception et au d\u00e9veloppement d\u2019une Suisse de qualit\u00e9;<\/li>\n<li>pour la promotion de conditions lib\u00e9rales en mati\u00e8re de concurrence et sur les march\u00e9s;<\/li>\n<li>pour une r\u00e9glementation moderne et mod\u00e9r\u00e9e qui soit \u00e9quitable pour les locataires, les propri\u00e9taires et les investisseurs;<\/li>\n<li>pour la repr\u00e9sentation durable des int\u00e9r\u00eats \u00e0 l\u2019encontre de la politique, de l\u2019\u00e9conomie et de la soci\u00e9t\u00e9.<\/li>\n<\/ul>\n","protected":false},"excerpt":{"rendered":"<p>Les investissements dans l\u2019immobilier constituent une base pour le bien-\u00eatre de chacun en Suisse. Le secteur immobilier et les investisseurs dans l\u2019immobilier sont un pilier de notre \u00e9conomie nationale. &nbsp; Nous nous engageons: pour de bonnes conditions-cadres qui permettent aux investisseurs de pouvoir apporter leurs capitaux et leur exp\u00e9rience \u2013 en participant \u00e0 la conception et au d\u00e9veloppement d\u2019une Suisse [&hellip;]<\/p>\n","protected":false},"author":3,"featured_media":0,"parent":0,"menu_order":0,"comment_status":"closed","ping_status":"closed","template":"","meta":{"inline_featured_image":false,"footnotes":""},"class_list":["post-729","page","type-page","status-publish","hentry"],"_links":{"self":[{"href":"https:\/\/www.vis-ais.ch\/fr\/wp-json\/wp\/v2\/pages\/729","targetHints":{"allow":["GET"]}}],"collection":[{"href":"https:\/\/www.vis-ais.ch\/fr\/wp-json\/wp\/v2\/pages"}],"about":[{"href":"https:\/\/www.vis-ais.ch\/fr\/wp-json\/wp\/v2\/types\/page"}],"author":[{"embeddable":true,"href":"https:\/\/www.vis-ais.ch\/fr\/wp-json\/wp\/v2\/users\/3"}],"replies":[{"embeddable":true,"href":"https:\/\/www.vis-ais.ch\/fr\/wp-json\/wp\/v2\/comments?post=729"}],"version-history":[{"count":2,"href":"https:\/\/www.vis-ais.ch\/fr\/wp-json\/wp\/v2\/pages\/729\/revisions"}],"predecessor-version":[{"id":1266,"href":"https:\/\/www.vis-ais.ch\/fr\/wp-json\/wp\/v2\/pages\/729\/revisions\/1266"}],"wp:attachment":[{"href":"https:\/\/www.vis-ais.ch\/fr\/wp-json\/wp\/v2\/media?parent=729"}],"curies":[{"name":"wp","href":"https:\/\/api.w.org\/{rel}","templated":true}]}}