{"id":734,"date":"2017-10-11T16:36:14","date_gmt":"2017-10-11T14:36:14","guid":{"rendered":"https:\/\/www.vis-ais.ch\/?page_id=734"},"modified":"2017-12-12T15:12:35","modified_gmt":"2017-12-12T14:12:35","slug":"nos-actions","status":"publish","type":"page","link":"https:\/\/www.vis-ais.ch\/fr\/nos-actions\/","title":{"rendered":"Nos Actions"},"content":{"rendered":"<p>[spb_text_block animation=&#8221;none&#8221; animation_delay=&#8221;0&#8243; simplified_controls=&#8221;yes&#8221; custom_css_percentage=&#8221;no&#8221; padding_vertical=&#8221;0&#8243; padding_horizontal=&#8221;0&#8243; margin_vertical=&#8221;0&#8243; custom_css=&#8221;margin-top: 0px;margin-bottom: 0px;&#8221; border_size=&#8221;0&#8243; border_styling_global=&#8221;default&#8221; width=&#8221;2\/3&#8243; el_position=&#8221;first&#8221;]<\/p>\n<ul>\n<li>nous participons activement \u00e0 la politique, am\u00e9nageons les conditions-cadres et les conditions l\u00e9gales suffisamment t\u00f4t;<\/li>\n<li>nous luttons contre un exc\u00e8s de r\u00e9glementations superflues qui fait barrage \u00e0 l\u2019innovation;<\/li>\n<li>nous entretenons un r\u00e9seau \u00e9troit avec le monde politique et \u00e9conomique ainsi qu\u2019avec nos associations partenaires;<\/li>\n<li>nous communiquons \u00e0 grande \u00e9chelle et proposons des connaissances sp\u00e9cifiques;<\/li>\n<li>nous contribuons \u00e0 l\u2019entretien continu de l\u2019image de tout le secteur de l\u2019immobilier;<\/li>\n<li>nous fournissons des informations et des connaissances sp\u00e9cifiques substantielles lors de manifestations pour les membres, le secteur de l\u2019immobilier, le monde politique et l\u2019\u00e9conomie.<\/li>\n<\/ul>\n<p><strong>Mission<\/strong><\/p>\n<p>Nos membres sont des investisseurs qui, avec leurs investissements, influencent le march\u00e9 de l\u2019habitat et de l\u2019immobilier suisse en tant que base dynamique et d\u00e9cisive pour notre \u00e9conomie. Leur engagement va au-del\u00e0 de l\u2019aspect financier.<\/p>\n<p>L\u2019innovation et la participation \u00e0 l\u2019agencement des quartiers et de l\u2019habitat sont indispensables \u00e0 la Suisse de demain. Les conditions-cadres pour les investisseurs qui aident \u00e0 fa\u00e7onner la Suisse devraient donc \u00eatre modernes, concr\u00e8tes et ouvertes \u00e0 l\u2019innovation. L\u2019engagement d\u2019investisseurs priv\u00e9s et institutionnels n\u00e9cessite un espace libre propice au march\u00e9. Par cons\u00e9quent, nous participons aux d\u00e9bats d\u2019ordre politique et \u00e9conomique.<\/p>\n<p>Ouverts, dispos\u00e9s au dialogue et forts d\u2019un grand savoir technique, nos membres assument leur engagement pour le bien-\u00eatre de notre soci\u00e9t\u00e9: connaissant la diversit\u00e9 des probl\u00e8mes de quartier et d\u2019espace en Suisse tant dans les zones rurales qu\u2019urbaines, nous agissons en toute responsabilit\u00e9, dans un esprit d\u2019entrepreneuriat et de mani\u00e8re innovante, et ce, aux niveaux politique, \u00e9conomique et social.<\/p>\n<p><a title=\"Demande d\u2019adh\u00e9sion\" href=\"http:\/\/www.vis-ais.ch\/fr\/nos-membres\/formulaire-dadhesion\/\" target=\"_self\">Demande d\u2019adh\u00e9sion<\/a><\/p>\n<p>[\/spb_text_block] [spb_column col_sm=&#8221;4&#8243; padding_horizontal=&#8221;0&#8243; width=&#8221;1\/3&#8243; el_position=&#8221;last&#8221;] [spb_text_block title=&#8221;Documents&#8221; animation=&#8221;none&#8221; animation_delay=&#8221;0&#8243; simplified_controls=&#8221;yes&#8221; custom_css_percentage=&#8221;no&#8221; padding_vertical=&#8221;0&#8243; padding_horizontal=&#8221;0&#8243; margin_vertical=&#8221;0&#8243; custom_css=&#8221;margin-top: 0px;margin-bottom: 0px;&#8221; border_size=&#8221;0&#8243; border_styling_global=&#8221;default&#8221; width=&#8221;1\/1&#8243; el_position=&#8221;first last&#8221;][\/spb_text_block] [spb_icon_box element_name=&#8221;Statuts de l\u2019AIS&#8221; title=&#8221;Statuts de l\u2019AIS&#8221; box_type=&#8221;boxed-four&#8221; box_icon_type=&#8221;icon&#8221; icon=&#8221;fa-file-pdf-o&#8221; animate_svg=&#8221;no&#8221; link=&#8221;http:\/\/www.vis-ais.ch\/wp-content\/uploads\/2017\/11\/ais_statuts_170621-1.pdf&#8221; target=&#8221;_blank&#8221; animation=&#8221;none&#8221; animation_delay=&#8221;0&#8243; animated_box_style=&#8221;coloured&#8221; animated_box_rounded=&#8221;yes&#8221; width=&#8221;1\/1&#8243; el_position=&#8221;first last&#8221;]click the edit button to change this text.[\/spb_icon_box] [\/spb_column]<\/p>\n","protected":false},"excerpt":{"rendered":"<p>[spb_text_block animation=&#8221;none&#8221; animation_delay=&#8221;0&#8243; simplified_controls=&#8221;yes&#8221; custom_css_percentage=&#8221;no&#8221; padding_vertical=&#8221;0&#8243; padding_horizontal=&#8221;0&#8243; margin_vertical=&#8221;0&#8243; custom_css=&#8221;margin-top: 0px;margin-bottom: 0px;&#8221; border_size=&#8221;0&#8243; border_styling_global=&#8221;default&#8221; width=&#8221;2\/3&#8243; el_position=&#8221;first&#8221;] nous participons activement \u00e0 la politique, am\u00e9nageons les conditions-cadres et les conditions l\u00e9gales suffisamment t\u00f4t; nous luttons contre un exc\u00e8s de r\u00e9glementations superflues qui fait barrage \u00e0 l\u2019innovation; nous entretenons un r\u00e9seau \u00e9troit avec le monde politique et \u00e9conomique ainsi qu\u2019avec nos associations partenaires; nous [&hellip;]<\/p>\n","protected":false},"author":3,"featured_media":0,"parent":0,"menu_order":0,"comment_status":"closed","ping_status":"closed","template":"","meta":{"inline_featured_image":false,"footnotes":""},"class_list":["post-734","page","type-page","status-publish","hentry"],"_links":{"self":[{"href":"https:\/\/www.vis-ais.ch\/fr\/wp-json\/wp\/v2\/pages\/734","targetHints":{"allow":["GET"]}}],"collection":[{"href":"https:\/\/www.vis-ais.ch\/fr\/wp-json\/wp\/v2\/pages"}],"about":[{"href":"https:\/\/www.vis-ais.ch\/fr\/wp-json\/wp\/v2\/types\/page"}],"author":[{"embeddable":true,"href":"https:\/\/www.vis-ais.ch\/fr\/wp-json\/wp\/v2\/users\/3"}],"replies":[{"embeddable":true,"href":"https:\/\/www.vis-ais.ch\/fr\/wp-json\/wp\/v2\/comments?post=734"}],"version-history":[{"count":10,"href":"https:\/\/www.vis-ais.ch\/fr\/wp-json\/wp\/v2\/pages\/734\/revisions"}],"predecessor-version":[{"id":1068,"href":"https:\/\/www.vis-ais.ch\/fr\/wp-json\/wp\/v2\/pages\/734\/revisions\/1068"}],"wp:attachment":[{"href":"https:\/\/www.vis-ais.ch\/fr\/wp-json\/wp\/v2\/media?parent=734"}],"curies":[{"name":"wp","href":"https:\/\/api.w.org\/{rel}","templated":true}]}}