{"id":743,"date":"2017-11-06T17:13:30","date_gmt":"2017-11-06T16:13:30","guid":{"rendered":"https:\/\/www.vis-ais.ch\/?page_id=743"},"modified":"2017-11-29T13:28:44","modified_gmt":"2017-11-29T12:28:44","slug":"prestations","status":"publish","type":"page","link":"https:\/\/www.vis-ais.ch\/fr\/prestations\/","title":{"rendered":"Prestations"},"content":{"rendered":"<p>[spb_text_block animation=&#8221;none&#8221; animation_delay=&#8221;0&#8243; simplified_controls=&#8221;yes&#8221; custom_css_percentage=&#8221;no&#8221; padding_vertical=&#8221;0&#8243; padding_horizontal=&#8221;0&#8243; margin_vertical=&#8221;0&#8243; custom_css=&#8221;margin-top: 0px;margin-bottom: 0px;&#8221; border_size=&#8221;0&#8243; border_styling_global=&#8221;default&#8221; width=&#8221;1\/1&#8243; el_position=&#8221;first last&#8221;]<\/p>\n<p>Ce que nous vous offrons:<\/p>\n<ul>\n<li>un acc\u00e8s exclusif aux d\u00e9veloppements \u00e9conomiques et politiques;<\/li>\n<li>une repr\u00e9sentation de vos int\u00e9r\u00eats sur le long terme;<\/li>\n<li>des manifestations innovantes et des assembl\u00e9es de membres \u00e0 Zurich;<\/li>\n<li>des manifestations sous forme de session exclusives avec des parlementaires \u00e0 Berne;<\/li>\n<li>des occasions r\u00e9guli\u00e8res d\u2019\u00e9tendre son r\u00e9seau;<\/li>\n<li>une coordination \u00e9troite avec des organisations partenaires r\u00e9gionales et nationales;<\/li>\n<li>des revues de presse et des analyses de la presse;<\/li>\n<li>des courriers d\u2019information sur les d\u00e9veloppements internationaux, nationaux et r\u00e9gionaux;<\/li>\n<li><a href=\"http:\/\/www.vis-ais.ch\/fr\/nos-positions\/\">des prises de position<\/a> sur les questions et dossiers importants;<\/li>\n<li>des r\u00e9ponses types de consultation de directives nationales, cantonales et communales.<\/li>\n<\/ul>\n<p>[\/spb_text_block]<\/p>\n","protected":false},"excerpt":{"rendered":"<p>[spb_text_block animation=&#8221;none&#8221; animation_delay=&#8221;0&#8243; simplified_controls=&#8221;yes&#8221; custom_css_percentage=&#8221;no&#8221; padding_vertical=&#8221;0&#8243; padding_horizontal=&#8221;0&#8243; margin_vertical=&#8221;0&#8243; custom_css=&#8221;margin-top: 0px;margin-bottom: 0px;&#8221; border_size=&#8221;0&#8243; border_styling_global=&#8221;default&#8221; width=&#8221;1\/1&#8243; el_position=&#8221;first last&#8221;] Ce que nous vous offrons: un acc\u00e8s exclusif aux d\u00e9veloppements \u00e9conomiques et politiques; une repr\u00e9sentation de vos int\u00e9r\u00eats sur le long terme; des manifestations innovantes et des assembl\u00e9es de membres \u00e0 Zurich; des manifestations sous forme de session exclusives avec des parlementaires \u00e0 Berne; [&hellip;]<\/p>\n","protected":false},"author":3,"featured_media":0,"parent":0,"menu_order":0,"comment_status":"closed","ping_status":"closed","template":"","meta":{"inline_featured_image":false,"footnotes":""},"class_list":["post-743","page","type-page","status-publish","hentry"],"_links":{"self":[{"href":"https:\/\/www.vis-ais.ch\/fr\/wp-json\/wp\/v2\/pages\/743","targetHints":{"allow":["GET"]}}],"collection":[{"href":"https:\/\/www.vis-ais.ch\/fr\/wp-json\/wp\/v2\/pages"}],"about":[{"href":"https:\/\/www.vis-ais.ch\/fr\/wp-json\/wp\/v2\/types\/page"}],"author":[{"embeddable":true,"href":"https:\/\/www.vis-ais.ch\/fr\/wp-json\/wp\/v2\/users\/3"}],"replies":[{"embeddable":true,"href":"https:\/\/www.vis-ais.ch\/fr\/wp-json\/wp\/v2\/comments?post=743"}],"version-history":[{"count":5,"href":"https:\/\/www.vis-ais.ch\/fr\/wp-json\/wp\/v2\/pages\/743\/revisions"}],"predecessor-version":[{"id":1074,"href":"https:\/\/www.vis-ais.ch\/fr\/wp-json\/wp\/v2\/pages\/743\/revisions\/1074"}],"wp:attachment":[{"href":"https:\/\/www.vis-ais.ch\/fr\/wp-json\/wp\/v2\/media?parent=743"}],"curies":[{"name":"wp","href":"https:\/\/api.w.org\/{rel}","templated":true}]}}