{"id":749,"date":"2017-11-06T17:21:59","date_gmt":"2017-11-06T16:21:59","guid":{"rendered":"https:\/\/www.vis-ais.ch\/?page_id=749"},"modified":"2023-08-24T11:02:39","modified_gmt":"2023-08-24T09:02:39","slug":"impressum","status":"publish","type":"page","link":"https:\/\/www.vis-ais.ch\/fr\/impressum\/","title":{"rendered":"Impressum"},"content":{"rendered":"<p>[spb_text_block animation=&#8221;none&#8221; animation_delay=&#8221;0&#8243; simplified_controls=&#8221;yes&#8221; custom_css_percentage=&#8221;no&#8221; padding_vertical=&#8221;0&#8243; padding_horizontal=&#8221;0&#8243; margin_vertical=&#8221;0&#8243; custom_css=&#8221;margin-top: 0px;margin-bottom: 0px;&#8221; border_size=&#8221;0&#8243; border_styling_global=&#8221;default&#8221; width=&#8221;1\/1&#8243; el_position=&#8221;first last&#8221;]<\/p>\n<h1>Conditions d\u2019utilisation et mentions l\u00e9gales<\/h1>\n<h3>Les droits de reproduction de tous les textes publi\u00e9s sur le site de l\u2019AIS appartiennent aux auteurs de ces derniers, ainsi qu\u2019\u00e0 l\u2019AIS.<\/h3>\n<div class=\"text\">\n<p>Nous d\u00e9clarons express\u00e9ment que nous n\u2019assumons aucune responsabilit\u00e9 quant \u00e0 la conception et au contenu des sites externes signal\u00e9s sur nos pages par un lien hypertexte. De m\u00eame, nous n\u2019avons aucun lien avec les contenus des pages qui pr\u00e9sentent un lien hypertexte vers notre site et vers notre entreprise.<\/p>\n<\/div>\n<p>[\/spb_text_block]<\/p>\n","protected":false},"excerpt":{"rendered":"<p>[spb_text_block animation=&#8221;none&#8221; animation_delay=&#8221;0&#8243; simplified_controls=&#8221;yes&#8221; custom_css_percentage=&#8221;no&#8221; padding_vertical=&#8221;0&#8243; padding_horizontal=&#8221;0&#8243; margin_vertical=&#8221;0&#8243; custom_css=&#8221;margin-top: 0px;margin-bottom: 0px;&#8221; border_size=&#8221;0&#8243; border_styling_global=&#8221;default&#8221; width=&#8221;1\/1&#8243; el_position=&#8221;first last&#8221;] Conditions d\u2019utilisation et mentions l\u00e9gales Les droits de reproduction de tous les textes publi\u00e9s sur le site de l\u2019AIS appartiennent aux auteurs de ces derniers, ainsi qu\u2019\u00e0 l\u2019AIS. Nous d\u00e9clarons express\u00e9ment que nous n\u2019assumons aucune responsabilit\u00e9 quant \u00e0 la conception et au contenu des [&hellip;]<\/p>\n","protected":false},"author":3,"featured_media":0,"parent":0,"menu_order":0,"comment_status":"closed","ping_status":"closed","template":"","meta":{"inline_featured_image":false,"footnotes":""},"class_list":["post-749","page","type-page","status-publish","hentry"],"_links":{"self":[{"href":"https:\/\/www.vis-ais.ch\/fr\/wp-json\/wp\/v2\/pages\/749","targetHints":{"allow":["GET"]}}],"collection":[{"href":"https:\/\/www.vis-ais.ch\/fr\/wp-json\/wp\/v2\/pages"}],"about":[{"href":"https:\/\/www.vis-ais.ch\/fr\/wp-json\/wp\/v2\/types\/page"}],"author":[{"embeddable":true,"href":"https:\/\/www.vis-ais.ch\/fr\/wp-json\/wp\/v2\/users\/3"}],"replies":[{"embeddable":true,"href":"https:\/\/www.vis-ais.ch\/fr\/wp-json\/wp\/v2\/comments?post=749"}],"version-history":[{"count":6,"href":"https:\/\/www.vis-ais.ch\/fr\/wp-json\/wp\/v2\/pages\/749\/revisions"}],"predecessor-version":[{"id":105456,"href":"https:\/\/www.vis-ais.ch\/fr\/wp-json\/wp\/v2\/pages\/749\/revisions\/105456"}],"wp:attachment":[{"href":"https:\/\/www.vis-ais.ch\/fr\/wp-json\/wp\/v2\/media?parent=749"}],"curies":[{"name":"wp","href":"https:\/\/api.w.org\/{rel}","templated":true}]}}